{"id":148,"date":"2022-08-28T21:53:37","date_gmt":"2022-08-28T19:53:37","guid":{"rendered":"http:\/\/maskyhh.cluster030.hosting.ovh.net\/etiennedboysson@gmail.com\/?page_id=6"},"modified":"2023-05-25T16:09:42","modified_gmt":"2023-05-25T14:09:42","slug":"a-propos-de","status":"publish","type":"page","link":"https:\/\/maskyh.fr\/index.php\/a-propos-de\/","title":{"rendered":"Qui suis-je ?"},"content":{"rendered":"\n<p class=\"has-text-align-center\">Mon parcours dans le d\u00e9veloppement a d\u00e9but\u00e9 de mani\u00e8re inattendue durant mon lyc\u00e9e. \u00c0 cette \u00e9poque, alors que l&rsquo;acc\u00e8s aux jeux sur nos Chromebook \u00e9tait restreint, j&rsquo;ai pris l&rsquo;initiative de me lancer dans la programmation afin de cr\u00e9er mes propres jeux. Ayant d\u00e9j\u00e0 acquis quelques bases, et avec d\u00e9termination, j&rsquo;ai d\u00e9velopp\u00e9 mes premiers jeux en autodidacte.<\/p>\n\n\n\n<p class=\"has-text-align-center\">Ce qui est int\u00e9ressant, c&rsquo;est que mes r\u00e9alisations ont rapidement attir\u00e9 l&rsquo;attention de mes amis, qui ont commenc\u00e9 \u00e0 me solliciter pour la cr\u00e9ation de jeux personnalis\u00e9s. R\u00e9pondre \u00e0 ces demandes a \u00e9t\u00e9 une exp\u00e9rience enrichissante, me permettant d&rsquo;affiner mes comp\u00e9tences en d\u00e9veloppement et de me familiariser avec les exigences sp\u00e9cifiques de la cr\u00e9ation de jeux. Chaque demande a constitu\u00e9 un d\u00e9fi qui m&rsquo;a pouss\u00e9 \u00e0 repousser mes limites et \u00e0 trouver des solutions cr\u00e9atives pour satisfaire les attentes de mes amis, renfor\u00e7ant ainsi ma passion pour le d\u00e9veloppement.<\/p>\n\n\n\n<p class=\"has-text-align-center\">Depuis lors, j&rsquo;ai continu\u00e9 \u00e0 explorer diff\u00e9rents langages de programmation et je suis actuellement en deuxi\u00e8me ann\u00e9e de Licence Informatique \u00e0 l&rsquo;Universit\u00e9 de Nantes, poursuivant ma formation afin d&rsquo;am\u00e9liorer davantage mes comp\u00e9tences techniques.<\/p>\n\n\n\n<p class=\"has-text-align-center\">Aujourd&rsquo;hui, je suis pr\u00eat \u00e0 faire mes premiers pas dans le monde professionnel du d\u00e9veloppement. Mon portfolio t\u00e9moigne de mon parcours depuis mes d\u00e9buts dans la cr\u00e9ation de jeux jusqu&rsquo;\u00e0 mes projets plus r\u00e9cents, comprenant des r\u00e9alisations en tant que d\u00e9veloppeur ind\u00e9pendant, en \u00e9quipe et en freelance. Je suis enthousiaste \u00e0 l&rsquo;id\u00e9e de travailler avec des professionnels exp\u00e9riment\u00e9s pour continuer \u00e0 apprendre et \u00e0 \u00e9voluer en tant que d\u00e9veloppeur.<\/p>\n\n\n\n<p class=\"has-text-align-center\">Je suis ouvert \u00e0 de nouvelles opportunit\u00e9s de collaboration et je suis impatient de contribuer \u00e0 des projets passionnants. Si vous recherchez un d\u00e9veloppeur passionn\u00e9 et engag\u00e9 dans la r\u00e9solution de probl\u00e8mes, je vous encourage \u00e0 me contacter. Je serais ravi de discuter de vos id\u00e9es et de collaborer pour r\u00e9aliser des projets captivants.<\/p>\n\n\n\n<p class=\"has-text-align-center\">Je vous remercie d&rsquo;avoir pris le temps de lire mon parcours et de d\u00e9couvrir mon portfolio. J&rsquo;ai h\u00e2te de relever de nouveaux d\u00e9fis et de partager ma passion pour la programmation avec vous.<\/p>\n\n\n\n<p>Cordialement,<\/p>\n\n\n\n<p><strong>Etienne de Boysson<\/strong><\/p>\n\n\n\n<div style=\"height:100px\" aria-hidden=\"true\" class=\"wp-block-spacer\"><\/div>\n\n\n\n<div class=\"wp-block-buttons is-horizontal is-content-justification-center is-layout-flex wp-container-core-buttons-is-layout-499968f5 wp-block-buttons-is-layout-flex\">\n<div class=\"wp-block-button has-custom-width wp-block-button__width-50 has-custom-font-size btn-pink custom-button\" style=\"font-size:16px\"><a class=\"wp-block-button__link has-black-color has-text-color has-background has-text-align-center wp-element-button\" href=\"http:\/\/maskyh.fr\/\" style=\"background-color:#00000008\">Back Home<\/a><\/div>\n<\/div>\n","protected":false},"excerpt":{"rendered":"<p>Mon parcours dans le d\u00e9veloppement a d\u00e9but\u00e9 de mani\u00e8re inattendue durant mon lyc\u00e9e. \u00c0 cette \u00e9poque, alors que l&rsquo;acc\u00e8s aux jeux sur nos Chromebook \u00e9tait restreint, j&rsquo;ai pris l&rsquo;initiative de me lancer dans la programmation afin de cr\u00e9er mes propres jeux. Ayant d\u00e9j\u00e0 acquis quelques bases, et avec d\u00e9termination, j&rsquo;ai d\u00e9velopp\u00e9 mes premiers jeux en &hellip; <\/p>\n","protected":false},"author":1,"featured_media":0,"parent":0,"menu_order":0,"comment_status":"closed","ping_status":"closed","template":"","meta":{"footnotes":""},"class_list":["post-148","page","type-page","status-publish","hentry"],"_links":{"self":[{"href":"https:\/\/maskyh.fr\/index.php\/wp-json\/wp\/v2\/pages\/148","targetHints":{"allow":["GET"]}}],"collection":[{"href":"https:\/\/maskyh.fr\/index.php\/wp-json\/wp\/v2\/pages"}],"about":[{"href":"https:\/\/maskyh.fr\/index.php\/wp-json\/wp\/v2\/types\/page"}],"author":[{"embeddable":true,"href":"https:\/\/maskyh.fr\/index.php\/wp-json\/wp\/v2\/users\/1"}],"replies":[{"embeddable":true,"href":"https:\/\/maskyh.fr\/index.php\/wp-json\/wp\/v2\/comments?post=148"}],"version-history":[{"count":3,"href":"https:\/\/maskyh.fr\/index.php\/wp-json\/wp\/v2\/pages\/148\/revisions"}],"predecessor-version":[{"id":218,"href":"https:\/\/maskyh.fr\/index.php\/wp-json\/wp\/v2\/pages\/148\/revisions\/218"}],"wp:attachment":[{"href":"https:\/\/maskyh.fr\/index.php\/wp-json\/wp\/v2\/media?parent=148"}],"curies":[{"name":"wp","href":"https:\/\/api.w.org\/{rel}","templated":true}]}}